{"id":1890,"date":"2019-12-31T17:36:02","date_gmt":"2019-12-31T16:36:02","guid":{"rendered":"http:\/\/nathreparation.com\/?page_id=1890"},"modified":"2020-11-03T07:30:11","modified_gmt":"2020-11-03T06:30:11","slug":"reparations-nath-reparation","status":"publish","type":"page","link":"https:\/\/nathreparation.com\/index.php\/reparations-nath-reparation\/","title":{"rendered":"Reparations"},"content":{"rendered":"<p>[vc_row css=&#8221;.vc_custom_1577973032662{padding-top: px !important;}&#8221;][vc_column][fr_space space_lg=&#8221;150&#8243; space_md=&#8221;150&#8243; space_sm=&#8221;50&#8243; space_xs=&#8221;50&#8243;][\/vc_column][\/vc_row][vc_row css=&#8221;.vc_custom_1536051606545{margin-top: 100px !important;}&#8221;][vc_column offset=&#8221;vc_col-lg-4 vc_col-md-6&#8243;][fr_heading cms_template=&#8221;fr_heading&#8211;layout1.php&#8221; sub_title=&#8221;TOUTES LES REPARATIONS DU MOBILE&#8221;][vc_column_text]<\/p>\n<h4><span style=\"color: #003366;\">Nos r\u00e9parations<\/span><\/h4>\n<p>[\/vc_column_text][vc_column_text]Nous pouvons r\u00e9parer tous les dysfonctionnements de votre iPhone en quelques minutes sous vos yeux.[\/vc_column_text][\/vc_column][vc_column offset=&#8221;vc_col-lg-4 vc_col-md-6&#8243;][fr_fancybox cms_template=&#8221;fr_fancybox&#8211;layout1.php&#8221; heading=&#8221;Ecran fissur\u00e9 ou HS&#8221; text=&#8221;Si votre \u00e9cran est cass\u00e9, enti\u00e8rement noir ou si le tactile ne r\u00e9pond plus, on le remplace par un neuf et d&#8217;origine en un rien de temps. Ni vu ni connu !&#8221; btn_link=&#8221;url:%23|||&#8221; image=&#8221;474&#8243; price=&#8221;59.00&#8243;][\/vc_column][vc_column offset=&#8221;vc_col-lg-4 vc_col-md-6&#8243;][fr_fancybox cms_template=&#8221;fr_fancybox&#8211;layout1.php&#8221; heading=&#8221;Faible autonomie&#8221; text=&#8221;Avec le temps et les chargements successifs, la batterie se d\u00e9grade. On la remplace et le t\u00e9l\u00e9phone retrouve une autonomie optimale.&#8221; btn_link=&#8221;url:%23|||&#8221; image=&#8221;473&#8243; price=&#8221;39.00&#8243;][\/vc_column][vc_column offset=&#8221;vc_col-lg-4 vc_col-md-6&#8243;][fr_fancybox cms_template=&#8221;fr_fancybox&#8211;layout1.php&#8221; heading=&#8221;Cam\u00e9ra avant ou arri\u00e8re&#8221; text=&#8221;L&#8217;une de vos cam\u00e9ras pr\u00e9sente une anomalie ? Pas de panique. On la remplace par une neuve d&#8217;origine. Vous conservez votre garantie constructeur.&#8221; btn_link=&#8221;url:%23|||&#8221; image=&#8221;476&#8243; price=&#8221;39.00&#8243;][fr_fancybox cms_template=&#8221;fr_fancybox&#8211;layout1.php&#8221; heading=&#8221;Incident dans l&#8217;eau&#8221; text=&#8221;Votre t\u00e9l\u00e9phone est tomb\u00e9 dans l&#8217;eau ? Nath r\u00e9paration se d\u00e9place pour examiner l&#8217;ampleur des d\u00e9g\u00e2ts afin d&#8217;aboutir \u00e0 la solution la plus avantageuse.&#8221; price=&#8221;89.00&#8243; image=&#8221;477&#8243;][\/vc_column][vc_column offset=&#8221;vc_col-lg-4 vc_col-md-6&#8243;][fr_fancybox cms_template=&#8221;fr_fancybox&#8211;layout1.php&#8221; heading=&#8221;Connecteur de charge&#8221; text=&#8221;Vous ne parvenez pas \u00e0 charger votre t\u00e9l\u00e9phone. Apres vous \u00eatre assur\u00e9 que \u00e7a ne venait pas de l&#8217;alimentation, nous rempla\u00e7ons le connecteur.&#8221; btn_link=&#8221;url:%23|||&#8221; image=&#8221;478&#8243; price=&#8221;49.00&#8243;][fr_fancybox cms_template=&#8221;fr_fancybox&#8211;layout1.php&#8221; heading=&#8221;Boutons lat\u00e9raux&#8221; text=&#8221;Le bouton vibreur ne fonctionne plus ? Vous ne parvenez pas \u00e0 r\u00e9gler le son ou \u00e0 \u00e9teindre le t\u00e9l\u00e9phone ? On remplace tous vos boutons.&#8221; btn_link=&#8221;url:%23|||&#8221; image=&#8221;473&#8243; price=&#8221;49.00&#8243;][\/vc_column][vc_column offset=&#8221;vc_col-lg-4 vc_col-md-6&#8243;][fr_fancybox cms_template=&#8221;fr_fancybox&#8211;layout1.php&#8221; heading=&#8221;Haut parleur &amp; micro&#8221; text=&#8221;Vous n&#8217;entendez plus, ou on ne vous entend plus ou tr\u00e8s mal. On remplace le micro ou les \u00e9couteurs et votre son est comme au premier jour.&#8221; btn_link=&#8221;url:%23|||&#8221; image=&#8221;475&#8243; price=&#8221;39.00&#8243;][fr_space space_lg=&#8221;116&#8243; space_md=&#8221;50&#8243; space_sm=&#8221;50&#8243; space_xs=&#8221;50&#8243;][fr_space space_lg=&#8221;116&#8243; space_md=&#8221;50&#8243; space_sm=&#8221;50&#8243; space_xs=&#8221;50&#8243;][\/vc_column][\/vc_row]<\/p>\n","protected":false},"excerpt":{"rendered":"<p>[vc_row css=&#8221;.vc_custom_1577973032662{padding-top: px !important;}&#8221;][vc_column][fr_space space_lg=&#8221;150&#8243; space_md=&#8221;150&#8243; space_sm=&#8221;50&#8243; space_xs=&#8221;50&#8243;][\/vc_column][\/vc_row][vc_row css=&#8221;.vc_custom_1536051606545{margin-top: 100px !important;}&#8221;][vc_column offset=&#8221;vc_col-lg-4 vc_col-md-6&#8243;][fr_heading cms_template=&#8221;fr_heading&#8211;layout1.php&#8221; sub_title=&#8221;TOUTES LES REPARATIONS DU MOBILE&#8221;][vc_column_text] Nos r\u00e9parations [\/vc_column_text][vc_column_text]Nous pouvons r\u00e9parer tous les dysfonctionnements de votre iPhone en quelques minutes sous vos yeux.[\/vc_column_text][\/vc_column][vc_column offset=&#8221;vc_col-lg-4 vc_col-md-6&#8243;][fr_fancybox cms_template=&#8221;fr_fancybox&#8211;layout1.php&#8221; heading=&#8221;Ecran fissur\u00e9 ou HS&#8221; text=&#8221;Si votre \u00e9cran est cass\u00e9, enti\u00e8rement noir ou si le tactile ne [&hellip;]<\/p>\n","protected":false},"author":1,"featured_media":0,"parent":0,"menu_order":0,"comment_status":"closed","ping_status":"closed","template":"","meta":[],"_links":{"self":[{"href":"https:\/\/nathreparation.com\/index.php\/wp-json\/wp\/v2\/pages\/1890"}],"collection":[{"href":"https:\/\/nathreparation.com\/index.php\/wp-json\/wp\/v2\/pages"}],"about":[{"href":"https:\/\/nathreparation.com\/index.php\/wp-json\/wp\/v2\/types\/page"}],"author":[{"embeddable":true,"href":"https:\/\/nathreparation.com\/index.php\/wp-json\/wp\/v2\/users\/1"}],"replies":[{"embeddable":true,"href":"https:\/\/nathreparation.com\/index.php\/wp-json\/wp\/v2\/comments?post=1890"}],"version-history":[{"count":17,"href":"https:\/\/nathreparation.com\/index.php\/wp-json\/wp\/v2\/pages\/1890\/revisions"}],"predecessor-version":[{"id":2014,"href":"https:\/\/nathreparation.com\/index.php\/wp-json\/wp\/v2\/pages\/1890\/revisions\/2014"}],"wp:attachment":[{"href":"https:\/\/nathreparation.com\/index.php\/wp-json\/wp\/v2\/media?parent=1890"}],"curies":[{"name":"wp","href":"https:\/\/api.w.org\/{rel}","templated":true}]}}