{"id":1891,"date":"2019-12-31T17:36:04","date_gmt":"2019-12-31T16:36:04","guid":{"rendered":"http:\/\/nathreparation.com\/?page_id=1891"},"modified":"2020-02-13T17:08:17","modified_gmt":"2020-02-13T16:08:17","slug":"faq-nath-reparation","status":"publish","type":"page","link":"https:\/\/nathreparation.com\/index.php\/faq-nath-reparation\/","title":{"rendered":"Questions fr\u00e9quentes"},"content":{"rendered":"<p>[vc_row][vc_column][fr_space space_lg=&#8221;500&#8243; space_md=&#8221;100&#8243; space_sm=&#8221;150&#8243; space_xs=&#8221;250&#8243;][\/vc_column][\/vc_row][vc_row][vc_column width=&#8221;1\/2&#8243;][fr_heading text=&#8221;Une t\u00e2che est apparue sur mon t\u00e9l\u00e9phone.&#8221; font_size=&#8221;20px&#8221; font_size_md=&#8221;20px&#8221; font_size_sm=&#8221;20px&#8221; font_size_xs=&#8221;20px&#8221; font_weight=&#8221;400&#8243; letter_spacing=&#8221;0px&#8221; text_color=&#8221;#032549&#8243; custom_local_fonts=&#8221;true&#8221; local_fonts=&#8221;AktivGrotesk-XBold&#8221; des_font_weight=&#8221;400&#8243; description_line_height=&#8221;1.9&#8243; description_margin=&#8221;55px&#8221; description_color=&#8221;#032549&#8243; description=&#8221;Votre t\u00e9l\u00e9phone a subi un impact. Il se peut que des lignes vertes soient subitement apparues ou une tache fonc\u00e9e en bordure de l&#8217;\u00e9cran. Cette tache ne disparaitra pas, elle ne fera que grossir avec le temps. Pas de panique, nous avons la solution. Il faut changer l&#8217;\u00e9cran.&#8221; margin_bottom=&#8221;28px&#8221;][fr_heading text=&#8221;M\u00eame si je crie, mon interlocuteur m&#8217;entend tr\u00e8s mal.&#8221; font_size=&#8221;20px&#8221; font_size_md=&#8221;20px&#8221; font_size_sm=&#8221;20px&#8221; font_size_xs=&#8221;20px&#8221; font_weight=&#8221;400&#8243; letter_spacing=&#8221;0px&#8221; text_color=&#8221;#032549&#8243; custom_local_fonts=&#8221;true&#8221; local_fonts=&#8221;AktivGrotesk-XBold&#8221; des_font_weight=&#8221;400&#8243; description_line_height=&#8221;1.9&#8243; description_margin=&#8221;55px&#8221; description_color=&#8221;#032549&#8243; description=&#8221;Je parle normalement ou m\u00eame fort dans le t\u00e9l\u00e9phone et on ne m&#8217;entend pas correctement. C&#8217;est peut \u00eatre le signe que mon micro est d\u00e9fectueux. Apr\u00e8s avoir correctement nettoy\u00e9 les capteurs de son, nous remplacerons le micro interne. Vous serez de nouveau audible.&#8221; margin_bottom=&#8221;28px&#8221;][fr_heading text=&#8221;Je ne parviens pas \u00e0 prendre une photo nette.&#8221; font_size=&#8221;20px&#8221; font_size_md=&#8221;20px&#8221; font_size_sm=&#8221;20px&#8221; font_size_xs=&#8221;20px&#8221; font_weight=&#8221;400&#8243; letter_spacing=&#8221;0px&#8221; text_color=&#8221;#032549&#8243; custom_local_fonts=&#8221;true&#8221; local_fonts=&#8221;AktivGrotesk-XBold&#8221; des_font_weight=&#8221;400&#8243; description_line_height=&#8221;1.9&#8243; description_margin=&#8221;43px&#8221; description_color=&#8221;#032549&#8243; description=&#8221;En principe, votre appareil fait de jolies photos. Sans raison apparente, les photos que vous prenez sont floues, et l&#8217;appareil ne semble pas stabilis\u00e9. Il est possible de remplacer la cam\u00e9ra avant ou arri\u00e8re et de r\u00e9soudre ce probl\u00e8me en un rien de temps.&#8221; margin_bottom=&#8221;28px&#8221;][\/vc_column][vc_column width=&#8221;1\/2&#8243;][fr_heading text=&#8221;Mon t\u00e9l\u00e9phone se d\u00e9charge en un rien de temps&#8221; font_size=&#8221;20px&#8221; font_size_md=&#8221;20px&#8221; font_size_sm=&#8221;20px&#8221; font_size_xs=&#8221;20px&#8221; font_weight=&#8221;400&#8243; letter_spacing=&#8221;0px&#8221; text_color=&#8221;#032549&#8243; custom_local_fonts=&#8221;true&#8221; local_fonts=&#8221;AktivGrotesk-XBold&#8221; des_font_weight=&#8221;400&#8243; description_line_height=&#8221;1.9&#8243; description_margin=&#8221;55px&#8221; description_color=&#8221;#032549&#8243; description=&#8221;Votre batterie se d\u00e9charge tr\u00e8s rapidement. Votre t\u00e9l\u00e9phone s&#8217;\u00e9teins subitement. Il faut changer la batterie. C&#8217;est une usure normale de votre t\u00e9l\u00e9phone. Nous rempla\u00e7ons la batterie usag\u00e9e par une neuve et le t\u00e9l\u00e9phone retrouve une autonomie optimale.&#8221; margin_bottom=&#8221;28px&#8221;][fr_heading text=&#8221;Mon t\u00e9l\u00e9phone est branch\u00e9 mais ne charge pas.&#8221; font_size=&#8221;20px&#8221; font_size_md=&#8221;20px&#8221; font_size_sm=&#8221;20px&#8221; font_size_xs=&#8221;20px&#8221; font_weight=&#8221;400&#8243; letter_spacing=&#8221;0px&#8221; text_color=&#8221;#032549&#8243; custom_local_fonts=&#8221;true&#8221; local_fonts=&#8221;AktivGrotesk-XBold&#8221; des_font_weight=&#8221;400&#8243; description_line_height=&#8221;1.9&#8243; description_margin=&#8221;55px&#8221; description_color=&#8221;#032549&#8243; description=&#8221;Au pr\u00e9alable, il convient de s&#8217;assurer que le cable et la prise fonctionnent tous deux. Si le t\u00e9l\u00e9phone n&#8217;affiche toujours pas de charge, alors il est fort probable que le connecteur de charge pr\u00e9sente une anomalie. Il suffit de le remplacer et le probl\u00e8me disparait aussi vite qu&#8217;il est apparu.&#8221; margin_bottom=&#8221;28px&#8221;][fr_heading text=&#8221;Vaut-il mieux r\u00e9parer ou remplacer un vieux t\u00e9l\u00e9phone ?&#8221; font_size=&#8221;20px&#8221; font_size_md=&#8221;20px&#8221; font_size_sm=&#8221;20px&#8221; font_size_xs=&#8221;20px&#8221; font_weight=&#8221;400&#8243; letter_spacing=&#8221;0px&#8221; text_color=&#8221;#032549&#8243; custom_local_fonts=&#8221;true&#8221; local_fonts=&#8221;AktivGrotesk-XBold&#8221; des_font_weight=&#8221;400&#8243; description_line_height=&#8221;1.9&#8243; description_margin=&#8221;45px&#8221; description_color=&#8221;#032549&#8243; description=&#8221;Nath R\u00e9paration r\u00e9pare et &#8220;conseille&#8220; ses clients. Apr\u00e8s un audit complet des r\u00e9parations n\u00e9cessaires, il est possible qu&#8217;il soit moins co\u00fbteux pour vous d&#8217;acheter un Smartphone plus r\u00e9cent que de r\u00e9parer l&#8217;ancien. Nous proposons tout une gamme de t\u00e9l\u00e9phone neufs ou reconditionn\u00e9s \u00e0 tarif imbattable.&#8221; margin_bottom=&#8221;28px&#8221;][\/vc_column][\/vc_row][vc_row][vc_column width=&#8221;1\/2&#8243;][\/vc_column][vc_column width=&#8221;1\/2&#8243;][fr_button button_text=&#8221;Programmer une r\u00e9paration en ligne&#8221; button_link=&#8221;url:http%3A%2F%2Fnathreparation.com%2Findex.php%2Fcontact%2F|||&#8221; align_xs=&#8221;align-center-xs&#8221;][\/vc_column][\/vc_row]<\/p>\n","protected":false},"excerpt":{"rendered":"<p>[vc_row][vc_column][fr_space space_lg=&#8221;500&#8243; space_md=&#8221;100&#8243; space_sm=&#8221;150&#8243; space_xs=&#8221;250&#8243;][\/vc_column][\/vc_row][vc_row][vc_column width=&#8221;1\/2&#8243;][fr_heading text=&#8221;Une t\u00e2che est apparue sur mon t\u00e9l\u00e9phone.&#8221; font_size=&#8221;20px&#8221; font_size_md=&#8221;20px&#8221; font_size_sm=&#8221;20px&#8221; font_size_xs=&#8221;20px&#8221; font_weight=&#8221;400&#8243; letter_spacing=&#8221;0px&#8221; text_color=&#8221;#032549&#8243; custom_local_fonts=&#8221;true&#8221; local_fonts=&#8221;AktivGrotesk-XBold&#8221; des_font_weight=&#8221;400&#8243; description_line_height=&#8221;1.9&#8243; description_margin=&#8221;55px&#8221; description_color=&#8221;#032549&#8243; description=&#8221;Votre t\u00e9l\u00e9phone a subi un impact. Il se peut que des lignes vertes soient subitement apparues ou une tache fonc\u00e9e en bordure de l&#8217;\u00e9cran. Cette tache ne disparaitra pas, [&hellip;]<\/p>\n","protected":false},"author":1,"featured_media":0,"parent":0,"menu_order":0,"comment_status":"closed","ping_status":"closed","template":"","meta":[],"_links":{"self":[{"href":"https:\/\/nathreparation.com\/index.php\/wp-json\/wp\/v2\/pages\/1891"}],"collection":[{"href":"https:\/\/nathreparation.com\/index.php\/wp-json\/wp\/v2\/pages"}],"about":[{"href":"https:\/\/nathreparation.com\/index.php\/wp-json\/wp\/v2\/types\/page"}],"author":[{"embeddable":true,"href":"https:\/\/nathreparation.com\/index.php\/wp-json\/wp\/v2\/users\/1"}],"replies":[{"embeddable":true,"href":"https:\/\/nathreparation.com\/index.php\/wp-json\/wp\/v2\/comments?post=1891"}],"version-history":[{"count":13,"href":"https:\/\/nathreparation.com\/index.php\/wp-json\/wp\/v2\/pages\/1891\/revisions"}],"predecessor-version":[{"id":1998,"href":"https:\/\/nathreparation.com\/index.php\/wp-json\/wp\/v2\/pages\/1891\/revisions\/1998"}],"wp:attachment":[{"href":"https:\/\/nathreparation.com\/index.php\/wp-json\/wp\/v2\/media?parent=1891"}],"curies":[{"name":"wp","href":"https:\/\/api.w.org\/{rel}","templated":true}]}}