{"id":1892,"date":"2019-12-31T17:36:06","date_gmt":"2019-12-31T16:36:06","guid":{"rendered":"http:\/\/nathreparation.com\/?page_id=1892"},"modified":"2019-12-31T17:36:50","modified_gmt":"2019-12-31T16:36:50","slug":"clients-nath-reparation","status":"publish","type":"page","link":"https:\/\/nathreparation.com\/index.php\/clients-nath-reparation\/","title":{"rendered":"Clients"},"content":{"rendered":"<p>[vc_row full_width=&#8221;stretch_row&#8221; parallax=&#8221;content-moving&#8221; parallax_image=&#8221;479&#8243; cms_row_class=&#8221;bg-primary&#8221; cms_row_image=&#8221;bg-art&#8221; cms_row_space=&#8221;rm-padding-right&#8221; el_class=&#8221;header-hero&#8221;][vc_column offset=&#8221;vc_col-lg-6 vc_col-md-6&#8243;][vc_single_image image=&#8221;1794&#8243; img_size=&#8221;full&#8221;][fr_space space_lg=&#8221;50&#8243; space_md=&#8221;0&#8243; space_sm=&#8221;0&#8243; space_xs=&#8221;0&#8243;][vc_column_text]<\/p>\n<h3><span style=\"color: #ffffff;\"><strong>LE SPECIALISTE DE LA REPARATION DES SMARTPHONES\u00a0<span style=\"color: #e62938;\">A DOMICILE<\/span><\/strong><\/span><\/h3>\n<p>[\/vc_column_text][fr_heading cms_template=&#8221;fr_heading&#8211;layout2.php&#8221; animation=&#8221;bounceInDown&#8221; title=&#8221;06 18 18 68 68&#8243; sub_title=&#8221;Il n&#8217;a jamais \u00e9t\u00e9 aussi facile de faire r\u00e9parer votre t\u00e9l\u00e9phone.<br \/>\nNath R\u00e9paration se d\u00e9place chez vous et r\u00e9pare votre t\u00e9l\u00e9phone sous vos yeux, en un temps record et en utilisant principalement des mat\u00e9riaux d&#8217;origine.&#8221; button_text=&#8221;Fixer un RDV&#8221; button_link=&#8221;url:http%3A%2F%2Fnathreparation.com%2Findex.php%2Fcontact%2F|||&#8221; title_color=&#8221;#ffffff&#8221; subtitle_color=&#8221;#ffffff&#8221;][\/vc_column][vc_column offset=&#8221;vc_col-lg-6 vc_col-md-6 vc_hidden-sm vc_hidden-xs&#8221; css=&#8221;.vc_custom_1548661452955{margin-top: -37px !important;}&#8221;][vc_single_image image=&#8221;77&#8243; img_size=&#8221;full&#8221; css_animation=&#8221;bounceInDown&#8221; style=&#8221;hover-parallax&#8221;][\/vc_column][\/vc_row][vc_row][vc_column][fr_space space_lg=&#8221;121&#8243; space_md=&#8221;0&#8243; space_sm=&#8221;0&#8243; space_xs=&#8221;0&#8243;][\/vc_column][\/vc_row][vc_row css=&#8221;.vc_custom_1536051606545{margin-top: 100px !important;}&#8221;][vc_column offset=&#8221;vc_col-lg-4 vc_col-md-6&#8243;][fr_heading cms_template=&#8221;fr_heading&#8211;layout1.php&#8221; title=&#8221;A domicile<br \/>\nSous vos yeux<br \/>\nSans stress&#8221; sub_title=&#8221;TOUTES LES REPARATIONS DU MOBILE&#8221;][\/vc_column][vc_column offset=&#8221;vc_col-lg-4 vc_col-md-6&#8243;][fr_fancybox cms_template=&#8221;fr_fancybox&#8211;layout1.php&#8221; heading=&#8221;Ecran fissur\u00e9 ou HS&#8221; text=&#8221;Si votre \u00e9cran est cass\u00e9, enti\u00e8rement noir ou si le tactile ne r\u00e9pond plus, on le remplace par un neuf et d&#8217;origine en un rien de temps. Ni vu ni connu !&#8221; btn_link=&#8221;url:%23|||&#8221; image=&#8221;474&#8243; price=&#8221;59.00&#8243;][\/vc_column][vc_column offset=&#8221;vc_col-lg-4 vc_col-md-6&#8243;][fr_fancybox cms_template=&#8221;fr_fancybox&#8211;layout1.php&#8221; heading=&#8221;Faible autonomie&#8221; text=&#8221;Avec le temps et les chargements successifs, la batterie se d\u00e9grade. On la remplace et le t\u00e9l\u00e9phone retrouve une autonomie optimale.&#8221; btn_link=&#8221;url:%23|||&#8221; image=&#8221;473&#8243; price=&#8221;39.00&#8243;][\/vc_column][vc_column offset=&#8221;vc_col-lg-4 vc_col-md-6&#8243;][fr_fancybox cms_template=&#8221;fr_fancybox&#8211;layout1.php&#8221; heading=&#8221;Cam\u00e9ra avant ou arri\u00e8re&#8221; text=&#8221;L&#8217;une de vos cam\u00e9ras pr\u00e9sente une anomalie ? Pas de panique. On la remplace par une neuve d&#8217;origine. Vous conservez votre garantie constructeur.&#8221; btn_link=&#8221;url:%23|||&#8221; image=&#8221;476&#8243; price=&#8221;39.00&#8243;][fr_fancybox cms_template=&#8221;fr_fancybox&#8211;layout1.php&#8221; heading=&#8221;Incident dans l&#8217;eau&#8221; text=&#8221;Votre t\u00e9l\u00e9phone est tomb\u00e9 dans l&#8217;eau ? Nath r\u00e9paration se d\u00e9place pour examiner l&#8217;ampleur des d\u00e9g\u00e2ts afin d&#8217;aboutir \u00e0 la solution la plus avantageuse.&#8221; price=&#8221;89.00&#8243; image=&#8221;477&#8243;][\/vc_column][vc_column offset=&#8221;vc_col-lg-4 vc_col-md-6&#8243;][fr_fancybox cms_template=&#8221;fr_fancybox&#8211;layout1.php&#8221; heading=&#8221;Connecteur de charge&#8221; text=&#8221;Vous ne parvenez pas \u00e0 charger votre t\u00e9l\u00e9phone. Apres vous \u00eatre assur\u00e9 que \u00e7a ne venait pas de l&#8217;alimentation, nous rempla\u00e7ons le connecteur.&#8221; btn_link=&#8221;url:%23|||&#8221; image=&#8221;478&#8243; price=&#8221;49.00&#8243;][fr_fancybox cms_template=&#8221;fr_fancybox&#8211;layout1.php&#8221; heading=&#8221;Boutons lat\u00e9raux&#8221; text=&#8221;Le bouton vibreur ne fonctionne plus ? Vous ne parvenez pas \u00e0 r\u00e9gler le son ou \u00e0 \u00e9teindre le t\u00e9l\u00e9phone ? On remplace tous vos boutons.&#8221; btn_link=&#8221;url:%23|||&#8221; image=&#8221;473&#8243; price=&#8221;49.00&#8243;][\/vc_column][vc_column offset=&#8221;vc_col-lg-4 vc_col-md-6&#8243;][fr_fancybox cms_template=&#8221;fr_fancybox&#8211;layout1.php&#8221; heading=&#8221;Haut parleur &amp; micro&#8221; text=&#8221;Vous n&#8217;entendez plus, ou on ne vous entend plus ou tr\u00e8s mal. On remplace le micro ou les \u00e9couteurs et votre son est comme au premier jour.&#8221; btn_link=&#8221;url:%23|||&#8221; image=&#8221;475&#8243; price=&#8221;39.00&#8243;][fr_space space_lg=&#8221;116&#8243; space_md=&#8221;50&#8243; space_sm=&#8221;50&#8243; space_xs=&#8221;50&#8243;][fr_space space_lg=&#8221;116&#8243; space_md=&#8221;50&#8243; space_sm=&#8221;50&#8243; space_xs=&#8221;50&#8243;][fr_button button_text=&#8221;Je prends RDV&#8221; button_link=&#8221;url:http%3A%2F%2Fnathreparation.com%2Findex.php%2Fcontact%2F|||&#8221; align_lg=&#8221;align-right&#8221; margin_top=&#8221;10px&#8221;][\/vc_column][\/vc_row][vc_row][vc_column][fr_space space_lg=&#8221;116&#8243; space_md=&#8221;50&#8243; space_sm=&#8221;50&#8243; space_xs=&#8221;50&#8243;][\/vc_column][\/vc_row][vc_row full_width=&#8221;stretch_row&#8221; cms_row_overflow=&#8221;off-overflow&#8221;][vc_column width=&#8221;5\/12&#8243; css=&#8221;.vc_custom_1538558312795{margin-bottom: 20px !important;padding-right: 0px !important;}&#8221;][vc_single_image image=&#8221;908&#8243; img_size=&#8221;585&#215;892&#8243; style=&#8221;image-radius&#8221; css=&#8221;.vc_custom_1577797025812{padding-top: 59px !important;}&#8221;][\/vc_column][vc_column width=&#8221;7\/12&#8243; css=&#8221;.vc_custom_1548833688779{padding-top: 8px !important;}&#8221; el_class=&#8221;n-padding-md&#8221;][vc_row_inner css=&#8221;.vc_custom_1548659399614{padding-bottom: 17px !important;}&#8221;][vc_column_inner][fr_heading cms_template=&#8221;fr_heading&#8211;layout1.php&#8221; title=&#8221;Comment \u00e7a marche ?&#8221; sub_title=&#8221;NATH REPARATION COUVRE TOUT PARIS ET SES ALENTOURS&#8221;][\/vc_column_inner][\/vc_row_inner][vc_column_text]Vous rencontrez un probl\u00e8me avec votre t\u00e9l\u00e9phone ?<\/p>\n<p>Quel que soit l&#8217;endroit ou vous \u00eates, sur Paris ou sa proche banlieue, Nath est \u00e0 <span style=\"color: #e62938;\"><strong>moins de 30 minutes de vous<\/strong><\/span>.<\/p>\n<p>Il suffit de l&#8217;appeler au <strong><span style=\"color: #e62938;\">06 18 18 68 68<\/span>\u00a0<\/strong>et de lui expliquer votre probl\u00e8me. Il vous propose un tarif et une plage horaire par t\u00e9l\u00e9phone. D\u00e8s votre validation, il se met en route. Le t\u00e9l\u00e9phone est r\u00e9par\u00e9 <span style=\"color: #e62938;\"><strong>sur place et sous vos yeux<\/strong> en <strong>moins de 20 minutes<\/strong><\/span>. Rapidit\u00e9 et qualit\u00e9 sont de mise. Alors n&#8217;attendez plus, vous avez trouv\u00e9 le Super-h\u00e9ros dont votre t\u00e9l\u00e9phone a besoin.[\/vc_column_text][vc_row_inner css=&#8221;.vc_custom_1548659559106{padding-top: 8px !important;}&#8221;][vc_column_inner][fr_button button_text=&#8221;Je prends RDV&#8221; button_link=&#8221;url:http%3A%2F%2Fnathreparation.com%2Findex.php%2Fcontact%2F|||&#8221; margin_top=&#8221;10px&#8221;][\/vc_column_inner][\/vc_row_inner][\/vc_column][vc_column el_class=&#8221;image-absolute&#8221; offset=&#8221;vc_hidden-sm vc_hidden-xs&#8221;][vc_single_image image=&#8221;1388&#8243; img_size=&#8221;full&#8221;][\/vc_column][\/vc_row][vc_row][vc_column][fr_space space_lg=&#8221;239&#8243; space_md=&#8221;120&#8243; space_sm=&#8221;120&#8243; space_xs=&#8221;120&#8243;][\/vc_column][\/vc_row][vc_row css=&#8221;.vc_custom_1548661163582{padding-bottom: 70px !important;}&#8221;][vc_column][fr_heading cms_template=&#8221;fr_heading&#8211;layout1.php&#8221; align_lg=&#8221;align-center&#8221; align_md=&#8221;align-center-md&#8221; align_sm=&#8221;align-center-sm&#8221; align_xs=&#8221;align-center-xs&#8221; title=&#8221;Avis clients v\u00e9rifi\u00e9s&#8221; sub_title=&#8221;ILS EN PARLENT LE MIEUX&#8221;][\/vc_column][\/vc_row][vc_row full_width=&#8221;stretch_row&#8221; cms_row_class=&#8221;before-carousel-after&#8221; css=&#8221;.vc_custom_1577739038682{margin-top: -85px !important;background-position: center !important;background-repeat: no-repeat !important;background-size: cover !important;}&#8221;][vc_column css=&#8221;.vc_custom_1538550292798{margin-bottom: 100px !important;}&#8221;][fr_testimonial_carousel testimonial_item=&#8221;%5B%7B%22title%22%3A%22Jefferey%20Williams%22%2C%22service%22%3A%22iPhone%20Screen%20Replacement%22%2C%22content%22%3A%22TekhRepair%20did%20a%20fantastic%20job%20fixing%20my%20iPhone%20X%20after%3Cbr%2F%3E%5Cn%20I%20dropped%20it%20and%20smashed%20the%20front%20and%20back.%20%3Cbr%2F%3E%5CnYou%20can%E2%80%99t%20tell%20it%E2%80%99s%20been%20replaced!%22%2C%22rating%22%3A%22star5%22%7D%2C%7B%22title%22%3A%22Laura%20Harding%22%2C%22service%22%3A%22Samsung%20Screen%20Replacement%22%2C%22content%22%3A%22Can%E2%80%99t%20fault%20the%20work%20TekhRepair%20carried%20out%20on%20my%20Samsung%20after%20I%20flushed%20it%20down%20the%20toilet.%20They%20Replaced%20the%20internals%20and%20dreid%20out%20all%20the%20wawater%22%2C%22rating%22%3A%22star5%22%7D%2C%7B%22title%22%3A%22Mike%20Jenkins%22%2C%22service%22%3A%22iPhone%20Screen%20Replacement%22%2C%22content%22%3A%22I%20previously%20had%20my%20phones%20screen%20replaced%20but%20it%20was%20a%20cheap%20replacement%20and%20after%20about%20a%20week%20the%20touch%20screen%20started%20to%20act%20faulty.%20TekhFixers%20fixed%20this.%22%2C%22rating%22%3A%22star5%22%7D%2C%7B%22title%22%3A%22Harry%20Simpson%22%2C%22service%22%3A%22iPhone%20Screen%20Replacement%22%2C%22content%22%3A%22TekhRepair%20did%20a%20fantastic%20job%20fixing%20my%20iPhone%20X%20after%20%3Cbr%2F%3E%5Cn%20I%20dropped%20it%20and%20smashed%20the%20front%20and%20back.%20%20%3Cbr%2F%3E%5CnYou%20can%E2%80%99t%20tell%20it%E2%80%99s%20been%20replaced!%22%2C%22rating%22%3A%22star5%22%7D%2C%7B%22title%22%3A%22Jefferey%20Williams%22%2C%22service%22%3A%22iPhone%20Screen%20Replacement%22%2C%22content%22%3A%22TekhRepair%20did%20a%20fantastic%20job%20fixing%20my%20iPhone%20X%20after%20%3Cbr%2F%3E%5CnI%20dropped%20it%20and%20smashed%20the%20front%20and%20back.%20%20%3Cbr%2F%3E%5CnYou%20can%E2%80%99t%20tell%20it%E2%80%99s%20been%20replaced!%22%2C%22rating%22%3A%22star5%22%7D%5D&#8221; col_xs=&#8221;1&#8243; col_sm=&#8221;1&#8243; col_md=&#8221;1&#8243; col_lg=&#8221;1&#8243; margin=&#8221;50&#8243; loop=&#8221;true&#8221; center=&#8221;true&#8221; stage_padding=&#8221;150&#8243; arrows=&#8221;true&#8221; bullets=&#8221;true&#8221;][\/vc_column][\/vc_row][vc_row css=&#8221;.vc_custom_1548661163582{padding-bottom: 70px !important;}&#8221;][vc_column][fr_heading cms_template=&#8221;fr_heading&#8211;layout1.php&#8221; align_lg=&#8221;align-center&#8221; align_md=&#8221;align-center-md&#8221; align_sm=&#8221;align-center-sm&#8221; align_xs=&#8221;align-center-xs&#8221; title=&#8221;Ils sont satisfaits. Pourquoi pas vous ?&#8221; sub_title=&#8221;ILS NOUS ONT FAIT CONFIANCE&#8221;][\/vc_column][\/vc_row][vc_row][vc_column][vc_images_carousel images=&#8221;1864,1863,1838,1836,1843,1835,1839,1840,1845,1846,1847,1848,1849,1850,1851,1852,1853,1856,1857,1859,1837,1860,1861,1862,1854,1844,1842&#8243; img_size=&#8221;full&#8221; speed=&#8221;1500&#8243; slides_per_view=&#8221;5&#8243; autoplay=&#8221;yes&#8221; hide_pagination_control=&#8221;yes&#8221; hide_prev_next_buttons=&#8221;yes&#8221; partial_view=&#8221;yes&#8221; wrap=&#8221;yes&#8221; css_animation=&#8221;right-to-left&#8221;][\/vc_column][\/vc_row][vc_row css=&#8221;.vc_custom_1544155726138{padding-top: 70px !important;padding-bottom: 70px !important;}&#8221;][vc_column][fr_heading cms_template=&#8221;fr_heading&#8211;layout1.php&#8221; align_lg=&#8221;align-center&#8221; align_md=&#8221;align-center-md&#8221; align_sm=&#8221;align-center-sm&#8221; align_xs=&#8221;align-center-xs&#8221; title=&#8221;Questions fr\u00e9quemment pos\u00e9es&#8221; sub_title=&#8221;ON VOUS REPOND&#8221;][\/vc_column][\/vc_row][vc_row][vc_column width=&#8221;1\/2&#8243;][fr_heading text=&#8221;Une t\u00e2che est apparue sur mon t\u00e9l\u00e9phone.&#8221; font_size=&#8221;20px&#8221; font_size_md=&#8221;20px&#8221; font_size_sm=&#8221;20px&#8221; font_size_xs=&#8221;20px&#8221; font_weight=&#8221;400&#8243; letter_spacing=&#8221;0px&#8221; text_color=&#8221;#032549&#8243; custom_local_fonts=&#8221;true&#8221; local_fonts=&#8221;AktivGrotesk-XBold&#8221; des_font_weight=&#8221;400&#8243; description_line_height=&#8221;1.9&#8243; description_margin=&#8221;55px&#8221; description_color=&#8221;#032549&#8243; description=&#8221;Votre t\u00e9l\u00e9phone a subi un impact. Il se peut que des lignes vertes soient subitement apparues ou une tache fonc\u00e9e en bordure de l&#8217;\u00e9cran. Cette tache ne disparaitra pas, elle ne fera que grossir avec le temps. Pas de panique, nous avons la solution. Il faut changer l&#8217;\u00e9cran.&#8221; margin_bottom=&#8221;28px&#8221;][fr_heading text=&#8221;M\u00eame si je crie, mon interlocuteur m&#8217;entend tr\u00e8s mal.&#8221; font_size=&#8221;20px&#8221; font_size_md=&#8221;20px&#8221; font_size_sm=&#8221;20px&#8221; font_size_xs=&#8221;20px&#8221; font_weight=&#8221;400&#8243; letter_spacing=&#8221;0px&#8221; text_color=&#8221;#032549&#8243; custom_local_fonts=&#8221;true&#8221; local_fonts=&#8221;AktivGrotesk-XBold&#8221; des_font_weight=&#8221;400&#8243; description_line_height=&#8221;1.9&#8243; description_margin=&#8221;55px&#8221; description_color=&#8221;#032549&#8243; description=&#8221;Je parle normalement ou m\u00eame fort dans le t\u00e9l\u00e9phone et on ne m&#8217;entend pas correctement. C&#8217;est peut \u00eatre le signe que mon micro est d\u00e9fectueux. Apres avoir correctement nettoy\u00e9 les capteurs de son, nous remplacerons le micro interne. Vous serez de nouveau audible.&#8221; margin_bottom=&#8221;28px&#8221;][fr_heading text=&#8221;Je ne parviens pas \u00e0 prendre une photo nette.&#8221; font_size=&#8221;20px&#8221; font_size_md=&#8221;20px&#8221; font_size_sm=&#8221;20px&#8221; font_size_xs=&#8221;20px&#8221; font_weight=&#8221;400&#8243; letter_spacing=&#8221;0px&#8221; text_color=&#8221;#032549&#8243; custom_local_fonts=&#8221;true&#8221; local_fonts=&#8221;AktivGrotesk-XBold&#8221; des_font_weight=&#8221;400&#8243; description_line_height=&#8221;1.9&#8243; description_margin=&#8221;43px&#8221; description_color=&#8221;#032549&#8243; description=&#8221;En principe, votre appareil fait de jolies photos. Sans raison apparente, les photos que vous prenez sont floues, et l&#8217;appareil ne semble pas stabilis\u00e9. Il est possible de remplacer la cam\u00e9ra avant ou arri\u00e8re et de r\u00e9soudre ce probl\u00e8me en un rien de temps.&#8221; margin_bottom=&#8221;28px&#8221;][\/vc_column][vc_column width=&#8221;1\/2&#8243;][fr_heading text=&#8221;Mon t\u00e9l\u00e9phone se d\u00e9charge en un rien de temps&#8221; font_size=&#8221;20px&#8221; font_size_md=&#8221;20px&#8221; font_size_sm=&#8221;20px&#8221; font_size_xs=&#8221;20px&#8221; font_weight=&#8221;400&#8243; letter_spacing=&#8221;0px&#8221; text_color=&#8221;#032549&#8243; custom_local_fonts=&#8221;true&#8221; local_fonts=&#8221;AktivGrotesk-XBold&#8221; des_font_weight=&#8221;400&#8243; description_line_height=&#8221;1.9&#8243; description_margin=&#8221;55px&#8221; description_color=&#8221;#032549&#8243; description=&#8221;Votre batterie se d\u00e9charge tr\u00e8s rapidement. Votre t\u00e9l\u00e9phone s&#8217;\u00e9teins subitement. Il faut changer la batterie. C&#8217;est une usure normale de votre t\u00e9l\u00e9phone. Nous rempla\u00e7ons la batterie usag\u00e9e par une neuve et le t\u00e9l\u00e9phone retrouve une autonomie optimale.&#8221; margin_bottom=&#8221;28px&#8221;][fr_heading text=&#8221;Mon t\u00e9l\u00e9phone est branch\u00e9 mais ne charge pas.&#8221; font_size=&#8221;20px&#8221; font_size_md=&#8221;20px&#8221; font_size_sm=&#8221;20px&#8221; font_size_xs=&#8221;20px&#8221; font_weight=&#8221;400&#8243; letter_spacing=&#8221;0px&#8221; text_color=&#8221;#032549&#8243; custom_local_fonts=&#8221;true&#8221; local_fonts=&#8221;AktivGrotesk-XBold&#8221; des_font_weight=&#8221;400&#8243; description_line_height=&#8221;1.9&#8243; description_margin=&#8221;55px&#8221; description_color=&#8221;#032549&#8243; description=&#8221;Au pr\u00e9alable, il convient de s&#8217;assurer que le cable et la prise fonctionnent tous deux. Si le t\u00e9l\u00e9phone n&#8217;affiche toujours pas de charge, alors il est fort probable que le connecteur de charge pr\u00e9sente une anomalie. Il suffit de le remplacer et le probl\u00e8me disparait aussi vite qu&#8217;il est apparu.&#8221; margin_bottom=&#8221;28px&#8221;][fr_heading text=&#8221;Vaut-il mieux r\u00e9parer ou remplacer un vieux t\u00e9l\u00e9phone ?&#8221; font_size=&#8221;20px&#8221; font_size_md=&#8221;20px&#8221; font_size_sm=&#8221;20px&#8221; font_size_xs=&#8221;20px&#8221; font_weight=&#8221;400&#8243; letter_spacing=&#8221;0px&#8221; text_color=&#8221;#032549&#8243; custom_local_fonts=&#8221;true&#8221; local_fonts=&#8221;AktivGrotesk-XBold&#8221; des_font_weight=&#8221;400&#8243; description_line_height=&#8221;1.9&#8243; description_margin=&#8221;45px&#8221; description_color=&#8221;#032549&#8243; description=&#8221;Nath R\u00e9paration r\u00e9pare et &#8220;conseille&#8220; ses clients. Apr\u00e8s un audit complet des r\u00e9parations n\u00e9cessaires, il est possible qu&#8217;il soit moins co\u00fbteux pour vous d&#8217;acheter un Smartphone plus r\u00e9cent que de r\u00e9parer l&#8217;ancien. Nous proposons tout une gamme de t\u00e9l\u00e9phone neufs ou reconditionn\u00e9s \u00e0 tarif imbattable.&#8221; margin_bottom=&#8221;28px&#8221;][\/vc_column][\/vc_row][vc_row][vc_column width=&#8221;1\/2&#8243;][\/vc_column][vc_column width=&#8221;1\/2&#8243;][fr_button button_text=&#8221;Programmer une r\u00e9paration en ligne&#8221; button_link=&#8221;url:http%3A%2F%2Fnathreparation.com%2Findex.php%2Fcontact%2F|||&#8221; align_xs=&#8221;align-center-xs&#8221;][\/vc_column][\/vc_row]<\/p>\n","protected":false},"excerpt":{"rendered":"<p>[vc_row full_width=&#8221;stretch_row&#8221; parallax=&#8221;content-moving&#8221; parallax_image=&#8221;479&#8243; cms_row_class=&#8221;bg-primary&#8221; cms_row_image=&#8221;bg-art&#8221; cms_row_space=&#8221;rm-padding-right&#8221; el_class=&#8221;header-hero&#8221;][vc_column offset=&#8221;vc_col-lg-6 vc_col-md-6&#8243;][vc_single_image image=&#8221;1794&#8243; img_size=&#8221;full&#8221;][fr_space space_lg=&#8221;50&#8243; space_md=&#8221;0&#8243; space_sm=&#8221;0&#8243; space_xs=&#8221;0&#8243;][vc_column_text] LE SPECIALISTE DE LA REPARATION DES SMARTPHONES\u00a0A DOMICILE [\/vc_column_text][fr_heading cms_template=&#8221;fr_heading&#8211;layout2.php&#8221; animation=&#8221;bounceInDown&#8221; title=&#8221;06 18 18 68 68&#8243; sub_title=&#8221;Il n&#8217;a jamais \u00e9t\u00e9 aussi facile de faire r\u00e9parer votre t\u00e9l\u00e9phone. Nath R\u00e9paration se d\u00e9place chez vous et r\u00e9pare votre t\u00e9l\u00e9phone sous vos [&hellip;]<\/p>\n","protected":false},"author":1,"featured_media":0,"parent":0,"menu_order":0,"comment_status":"closed","ping_status":"closed","template":"","meta":[],"_links":{"self":[{"href":"https:\/\/nathreparation.com\/index.php\/wp-json\/wp\/v2\/pages\/1892"}],"collection":[{"href":"https:\/\/nathreparation.com\/index.php\/wp-json\/wp\/v2\/pages"}],"about":[{"href":"https:\/\/nathreparation.com\/index.php\/wp-json\/wp\/v2\/types\/page"}],"author":[{"embeddable":true,"href":"https:\/\/nathreparation.com\/index.php\/wp-json\/wp\/v2\/users\/1"}],"replies":[{"embeddable":true,"href":"https:\/\/nathreparation.com\/index.php\/wp-json\/wp\/v2\/comments?post=1892"}],"version-history":[{"count":1,"href":"https:\/\/nathreparation.com\/index.php\/wp-json\/wp\/v2\/pages\/1892\/revisions"}],"predecessor-version":[{"id":1893,"href":"https:\/\/nathreparation.com\/index.php\/wp-json\/wp\/v2\/pages\/1892\/revisions\/1893"}],"wp:attachment":[{"href":"https:\/\/nathreparation.com\/index.php\/wp-json\/wp\/v2\/media?parent=1892"}],"curies":[{"name":"wp","href":"https:\/\/api.w.org\/{rel}","templated":true}]}}