{"id":30,"date":"2018-08-30T04:03:04","date_gmt":"2018-08-30T02:03:04","guid":{"rendered":"http:\/\/dev.joomexp.com\/wordpress\/tekhrepair\/?page_id=30"},"modified":"2022-07-13T11:43:50","modified_gmt":"2022-07-13T09:43:50","slug":"home","status":"publish","type":"page","link":"https:\/\/nathreparation.com\/","title":{"rendered":"Home"},"content":{"rendered":"<p>[vc_row full_width=&#8221;stretch_row&#8221; parallax=&#8221;content-moving&#8221; parallax_image=&#8221;479&#8243; cms_row_class=&#8221;bg-primary&#8221; cms_row_image=&#8221;bg-art&#8221; cms_row_space=&#8221;rm-padding-right&#8221; el_class=&#8221;header-hero&#8221;][vc_column offset=&#8221;vc_col-lg-6 vc_col-md-6&#8243;][vc_column_text]<\/p>\n<h3><span style=\"color: #ffffff;\"><strong>LE SPECIALISTE DE LA <\/strong><\/span><\/h3>\n<h3><span style=\"color: #ffffff;\"><strong>REPARATION APPLE UNIQUEMENT<\/strong><\/span><\/h3>\n<h3><span style=\"color: #ffffff;\"><strong>SUR PARIS ET SA BANLIEUE <\/strong><\/span><\/h3>\n<h3><span style=\"color: #ffffff;\"><strong>7J\/7 24H\/24\u00a0\u00a0<\/strong><\/span><span style=\"color: #ffffff;\"><strong><span style=\"color: #e62938;\">A DOMICILE<\/span><\/strong><\/span><\/h3>\n<p>[\/vc_column_text][fr_heading cms_template=&#8221;fr_heading&#8211;layout2.php&#8221; animation=&#8221;bounceInDown&#8221; title=&#8221;06 18 18 68 68&#8243; sub_title=&#8221;Il n&#8217;a jamais \u00e9t\u00e9 aussi facile de faire r\u00e9parer votre t\u00e9l\u00e9phone.<br \/>\nNath R\u00e9paration se d\u00e9place chez vous et r\u00e9pare votre t\u00e9l\u00e9phone sous vos yeux,<br \/>\nen un temps record et en utilisant des mat\u00e9riaux d&#8217;origine.&#8221; button_text=&#8221;Fixer un RDV&#8221; button_link=&#8221;url:http%3A%2F%2Fnathreparation.com%2Findex.php%2Fcontact%2F|||&#8221; title_color=&#8221;#ffffff&#8221; subtitle_color=&#8221;#ffffff&#8221;][\/vc_column][vc_column offset=&#8221;vc_col-lg-6 vc_col-md-6 vc_hidden-sm vc_hidden-xs&#8221; css=&#8221;.vc_custom_1548661452955{margin-top: -37px !important;}&#8221;][vc_single_image image=&#8221;77&#8243; img_size=&#8221;full&#8221; css_animation=&#8221;bounceInDown&#8221; style=&#8221;hover-parallax&#8221;][\/vc_column][\/vc_row][vc_row][vc_column width=&#8221;1\/6&#8243;][\/vc_column][vc_column width=&#8221;2\/3&#8243;][fr_video_popup video_image=&#8221;2018&#8243; video_source=&#8221;https:\/\/youtu.be\/ULSOuhmuM6M&#8221;][\/vc_column][vc_column width=&#8221;1\/6&#8243;][\/vc_column][\/vc_row][vc_row css=&#8221;.vc_custom_1618403817464{margin-top: 150px !important;}&#8221;][vc_column width=&#8221;1\/2&#8243;][vc_column_text]<\/p>\n<h4>R\u00e9paration<\/h4>\n<p>[\/vc_column_text][vc_separator color=&#8221;custom&#8221; align=&#8221;align_left&#8221; border_width=&#8221;5&#8243; el_width=&#8221;50&#8243; accent_color=&#8221;#dd3b3b&#8221;][vc_column_text]Votre iPhone n&#8217;a aucun secret pour Nath R\u00e9paration. Chaque probl\u00e8me a sa solution. En quelques minutes il peut remplacer chaque composant de votre iPhone. Il utilise des pi\u00e8ces d&#8217;origine qui font perdurer votre garantie constructeur. De plus ses r\u00e9parations sont garanties un an. Il effectue toutes les r\u00e9parations sous vos yeux.<\/p>\n<p>Il se d\u00e9place chez vous ou sur votre lieu de travail 7j\/7, 24h\/24 sur simple demande au 06 18 18 68 68. N&#8217;attendez plus. Vous venez de trouver le super h\u00e9ros dont votre t\u00e9l\u00e9phone avait besoin.[\/vc_column_text][\/vc_column][vc_column width=&#8221;1\/2&#8243;][vc_single_image image=&#8221;1976&#8243; img_size=&#8221;full&#8221; alignment=&#8221;center&#8221;][\/vc_column][\/vc_row][vc_row][vc_column width=&#8221;1\/2&#8243;][vc_single_image image=&#8221;1977&#8243; img_size=&#8221;full&#8221; alignment=&#8221;center&#8221;][\/vc_column][vc_column width=&#8221;1\/2&#8243;][vc_column_text]<\/p>\n<h4>Conseil<\/h4>\n<p>[\/vc_column_text][vc_separator color=&#8221;custom&#8221; align=&#8221;align_left&#8221; border_width=&#8221;5&#8243; el_width=&#8221;50&#8243; accent_color=&#8221;#dd3b3b&#8221;][vc_column_text]R\u00e9parer un iPhone peut s&#8217;av\u00e9rer \u00eatre plus couteux que de le remplacer. Nath R\u00e9paration conseille avant de r\u00e9parer et d\u00e9marre toute intervention par un audit 100% gratuit de votre iPhone : analyse de la qualit\u00e9 du son, \u00e9tat d&#8217;usage de la batterie, \u00e9tat de l&#8217;\u00e9cran, nettet\u00e9 des cam\u00e9ras&#8230; Il est alors en mesure de vous proposer un devis avantageux pour une remise \u00e0 neuf.<\/p>\n<p>Parfois, le sc\u00e9nario du remplacement de l&#8217;iPhone est plus int\u00e9ressant que celui de r\u00e9parer. Nath R\u00e9paration vous proposera alors un nouvel iPhone \u00e0 un tarif d\u00e9fiant toute concurrence.[\/vc_column_text][\/vc_column][\/vc_row][vc_row][vc_column width=&#8221;1\/2&#8243;][vc_column_text]<\/p>\n<h4>Vente accessoires<\/h4>\n<p>[\/vc_column_text][vc_separator color=&#8221;custom&#8221; align=&#8221;align_left&#8221; border_width=&#8221;5&#8243; el_width=&#8221;50&#8243; accent_color=&#8221;#dd3b3b&#8221;][vc_column_text]Nath R\u00e9paration propose toute une s\u00e9rie d&#8217;accessoires neufs, d&#8217;origine Apple<em>\u00ae. <\/em>Vous pensiez avoir un probl\u00e8me de batterie, c&#8217;est en r\u00e9alit\u00e9 un dysfonctionnement du cable de chargement. Vous pensiez que les AirPods \u00e9taient en rupture de stock partout, il en a en stock! Vous pensiez aussi que l&#8217;arri\u00e8re cass\u00e9 de votre iPhone \u00e9tait irr\u00e9parable, il a la solution!<\/p>\n<p>Nath R\u00e9paration propose des AirPods, chargeurs, cables, adaptateurs, coques &#8230;.tout ceci en produit d&#8217;origine Apple ou dans des marques exclusives que vous ne trouverez nulle part ailleurs.[\/vc_column_text][\/vc_column][vc_column width=&#8221;1\/2&#8243;][vc_single_image image=&#8221;1988&#8243; img_size=&#8221;full&#8221; alignment=&#8221;center&#8221;][\/vc_column][\/vc_row][vc_row][vc_column][fr_space space_lg=&#8221;121&#8243; space_md=&#8221;0&#8243; space_sm=&#8221;0&#8243; space_xs=&#8221;0&#8243;][\/vc_column][\/vc_row][vc_row css=&#8221;.vc_custom_1548661163582{padding-bottom: 70px !important;}&#8221;][vc_column][fr_heading cms_template=&#8221;fr_heading&#8211;layout1.php&#8221; align_lg=&#8221;align-center&#8221; align_md=&#8221;align-center-md&#8221; align_sm=&#8221;align-center-sm&#8221; align_xs=&#8221;align-center-xs&#8221; sub_title=&#8221;ILS EN PARLENT LE MIEUX&#8221;][vc_column_text]<\/p>\n<h4 style=\"text-align: center;\">Avis clients v\u00e9rifi\u00e9s<\/h4>\n<p>[\/vc_column_text][\/vc_column][\/vc_row][vc_row full_width=&#8221;stretch_row&#8221; cms_row_class=&#8221;before-carousel-after&#8221; css=&#8221;.vc_custom_1577739038682{margin-top: -85px !important;background-position: center !important;background-repeat: no-repeat !important;background-size: cover !important;}&#8221;][vc_column css=&#8221;.vc_custom_1538550292798{margin-bottom: 100px !important;}&#8221;][fr_space space_lg=&#8221;100&#8243; space_md=&#8221;80&#8243; space_sm=&#8221;50&#8243; space_xs=&#8221;30&#8243;][fr_testimonial_carousel testimonial_item=&#8221;%5B%7B%22title%22%3A%22Micha%C3%ABl%20Cohen%22%2C%22service%22%3A%22Ecran%20iPhone%20cass%C3%A9%22%2C%22content%22%3A%22NathReparation%20a%20fait%20un%20travail%20fantastique%20en%20r%C3%A9parant%20mon%20iPhone%20X%20apr%C3%A8s%20que%20je%20l&#8217;ai%20fait%20tomber%20et%20qu&#8217;il%20se%20soit%20%20fracass%C3%A9%20%C3%A0%20l&#8217;avant%20et%20l&#8217;arri%C3%A8re.%20%5CnEn%2020%20minutes%2C%20mon%20t%C3%A9l%C3%A9phone%20%C3%A9tait%20comme%20neuf!%20Merci%20Nath!%22%2C%22rating%22%3A%22star5%22%7D%2C%7B%22title%22%3A%22Laura%20Sotto%22%2C%22service%22%3A%22Iphone%20tomb%C3%A9%20dans%20l&#8217;eau%22%2C%22content%22%3A%22Je%20ne%20peux%20que%20remercier%20Nath%20d&#8217;avoir%20sauv%C3%A9%20mon%20t%C3%A9l%C3%A9phone%20apr%C3%A8s%20l&#8217;avoir%20fait%20tomb%C3%A9%20dans%20les%20toilettes.%20Il%20a%20remplac%C3%A9%20les%20choses%20qui%20%C3%A9taient%20abim%C3%A9es%20%C3%A0%20l&#8217;int%C3%A9rieur%20et%20a%20%C3%A9limin%C3%A9%20tout%20l&#8217;eau.%22%2C%22rating%22%3A%22star5%22%7D%2C%7B%22title%22%3A%22Julien%20Lemert%22%2C%22service%22%3A%22Ecran%20IPhone%20%22%2C%22content%22%3A%22J&#8217;ai%20fait%20r%C3%A9par%C3%A9%20mon%20%C3%A9cran%20dans%20un%20magasin%20qui%20m&#8217;a%20arnaqu%C3%A9.%20Moins%20d&#8217;une%20semaine%20plus%20tard%20il%20s&#8217;%C3%A9tait%20recass%C3%A9.%20Nath%20a%20remplac%C3%A9%20cet%20%C3%A9cran%20et%20je%20suis%20forc%C3%A9%20de%20constater%20que%20l&#8217;image%20est%20beaucoup%20plus%20nette%2C%20et%20que%20cet%20%C3%A9cran%20est%20plus%20resistant.%20Merci.%22%2C%22rating%22%3A%22star5%22%7D%2C%7B%22title%22%3A%22Jean-Marc%20Lizard%22%2C%22service%22%3A%22iPhone%20Total%20Check-up%22%2C%22content%22%3A%22Mon%20iPhone%20%C3%A9tait%20en%20fin%20de%20vie%20apr%C3%A8s%20%C3%A0%20peine%20un%20an.%20Batterie%20d%C3%A9charg%C3%A9e%20en%201%20heure%2C%20son%20tr%C3%A8s%20faible.%20%20Il%20a%20tout%20r%C3%A9par%C3%A9%20tr%C3%A8s%20rapidement.%20%3Cbr%2F%3E%5CnJe%20le%20recommande%20d%C3%A9finitivement.%22%2C%22rating%22%3A%22star5%22%7D%2C%7B%22title%22%3A%22A%C3%AEda%20Bellahsen%22%2C%22service%22%3A%22IPhone%20tout%20noir%22%2C%22content%22%3A%22J&#8217;ai%20eu%20la%20peur%20de%20ma%20vie%20en%20voyant%20mon%20%C3%A9cran%20tout%20noir%20%3Cbr%2F%3E%5CnAvec%20la%20peur%20d&#8217;avoir%20perdu%20toutes%20mes%20donn%C3%A9es.%20%20%3Cbr%2F%3E%5CnNath%20a%20tout%20r%C3%A9par%C3%A9%20en%2015%20minutes%20!%20C&#8217;est%20un%20magicien%2C%20adorable%20de%20surcroit.%22%2C%22rating%22%3A%22star5%22%7D%5D&#8221; col_xs=&#8221;1&#8243; col_sm=&#8221;1&#8243; col_md=&#8221;1&#8243; col_lg=&#8221;1&#8243; margin=&#8221;50&#8243; loop=&#8221;true&#8221; center=&#8221;true&#8221; stage_padding=&#8221;150&#8243; arrows=&#8221;true&#8221; bullets=&#8221;true&#8221;][\/vc_column][\/vc_row][vc_row css=&#8221;.vc_custom_1548661163582{padding-bottom: 70px !important;}&#8221;][vc_column][fr_heading cms_template=&#8221;fr_heading&#8211;layout1.php&#8221; align_lg=&#8221;align-center&#8221; align_md=&#8221;align-center-md&#8221; align_sm=&#8221;align-center-sm&#8221; align_xs=&#8221;align-center-xs&#8221; sub_title=&#8221;ILS NOUS ONT FAIT CONFIANCE&#8221;][vc_column_text]<\/p>\n<h4 style=\"text-align: center;\">Ils sont satisfaits. Pourquoi pas vous ?<\/h4>\n<p>[\/vc_column_text][\/vc_column][\/vc_row][vc_row][vc_column][vc_images_carousel images=&#8221;1864,1863,1838,1836,1843,1835,1839,1840,1845,1846,1847,1848,1849,1850,1851,1852,1853,1856,1857,1859,1837,1860,1861,1862,1854,1844,1842&#8243; img_size=&#8221;1300&#215;1200&#8243; speed=&#8221;1500&#8243; slides_per_view=&#8221;5&#8243; autoplay=&#8221;yes&#8221; hide_pagination_control=&#8221;yes&#8221; hide_prev_next_buttons=&#8221;yes&#8221; partial_view=&#8221;yes&#8221; wrap=&#8221;yes&#8221; css_animation=&#8221;slideInRight&#8221;][\/vc_column][\/vc_row][vc_row][vc_column][\/vc_column][\/vc_row]<\/p>\n","protected":false},"excerpt":{"rendered":"<p>[vc_row full_width=&#8221;stretch_row&#8221; parallax=&#8221;content-moving&#8221; parallax_image=&#8221;479&#8243; cms_row_class=&#8221;bg-primary&#8221; cms_row_image=&#8221;bg-art&#8221; cms_row_space=&#8221;rm-padding-right&#8221; el_class=&#8221;header-hero&#8221;][vc_column offset=&#8221;vc_col-lg-6 vc_col-md-6&#8243;][vc_column_text] LE SPECIALISTE DE LA REPARATION APPLE UNIQUEMENT SUR PARIS ET SA BANLIEUE 7J\/7 24H\/24\u00a0\u00a0A DOMICILE [\/vc_column_text][fr_heading cms_template=&#8221;fr_heading&#8211;layout2.php&#8221; animation=&#8221;bounceInDown&#8221; title=&#8221;06 18 18 68 68&#8243; sub_title=&#8221;Il n&#8217;a jamais \u00e9t\u00e9 aussi facile de faire r\u00e9parer votre t\u00e9l\u00e9phone. Nath R\u00e9paration se d\u00e9place chez vous et r\u00e9pare votre t\u00e9l\u00e9phone sous [&hellip;]<\/p>\n","protected":false},"author":1,"featured_media":0,"parent":0,"menu_order":0,"comment_status":"closed","ping_status":"closed","template":"","meta":[],"_links":{"self":[{"href":"https:\/\/nathreparation.com\/index.php\/wp-json\/wp\/v2\/pages\/30"}],"collection":[{"href":"https:\/\/nathreparation.com\/index.php\/wp-json\/wp\/v2\/pages"}],"about":[{"href":"https:\/\/nathreparation.com\/index.php\/wp-json\/wp\/v2\/types\/page"}],"author":[{"embeddable":true,"href":"https:\/\/nathreparation.com\/index.php\/wp-json\/wp\/v2\/users\/1"}],"replies":[{"embeddable":true,"href":"https:\/\/nathreparation.com\/index.php\/wp-json\/wp\/v2\/comments?post=30"}],"version-history":[{"count":154,"href":"https:\/\/nathreparation.com\/index.php\/wp-json\/wp\/v2\/pages\/30\/revisions"}],"predecessor-version":[{"id":2020,"href":"https:\/\/nathreparation.com\/index.php\/wp-json\/wp\/v2\/pages\/30\/revisions\/2020"}],"wp:attachment":[{"href":"https:\/\/nathreparation.com\/index.php\/wp-json\/wp\/v2\/media?parent=30"}],"curies":[{"name":"wp","href":"https:\/\/api.w.org\/{rel}","templated":true}]}}